{"id":27,"date":"2025-10-28T19:18:39","date_gmt":"2025-10-28T18:18:39","guid":{"rendered":"https:\/\/majmar.org\/index.php\/home\/"},"modified":"2025-10-28T20:47:45","modified_gmt":"2025-10-28T19:47:45","slug":"home","status":"publish","type":"page","link":"http:\/\/majmar.org\/","title":{"rendered":"Home"},"content":{"rendered":"\n<div class=\"wp-block-group alignwide is-style-section-5 has-global-padding is-layout-constrained wp-block-group-is-layout-constrained is-style-section-5--1\" style=\"margin-top:0;margin-bottom:0;padding-top:var(--wp--preset--spacing--60);padding-bottom:var(--wp--preset--spacing--60)\">\n<div class=\"wp-block-columns alignwide is-layout-flex wp-container-core-columns-is-layout-643ced6b wp-block-columns-is-layout-flex\">\n<div class=\"wp-block-column is-layout-flow wp-block-column-is-layout-flow\" style=\"flex-basis:40%\">\n<figure class=\"wp-block-image aligncenter size-large is-resized is-style-default\"><img loading=\"lazy\" decoding=\"async\" width=\"1024\" height=\"379\" src=\"https:\/\/majmar.org\/wp-content\/uploads\/2025\/10\/facebook-cover-1-1024x379.jpg\" alt=\"\" class=\"wp-image-58\" style=\"width:466px;height:auto\" srcset=\"http:\/\/majmar.org\/wp-content\/uploads\/2025\/10\/facebook-cover-1-1024x379.jpg 1024w, http:\/\/majmar.org\/wp-content\/uploads\/2025\/10\/facebook-cover-1-300x111.jpg 300w, http:\/\/majmar.org\/wp-content\/uploads\/2025\/10\/facebook-cover-1-768x284.jpg 768w, http:\/\/majmar.org\/wp-content\/uploads\/2025\/10\/facebook-cover-1-1536x568.jpg 1536w, http:\/\/majmar.org\/wp-content\/uploads\/2025\/10\/facebook-cover-1.jpg 1800w\" sizes=\"auto, (max-width: 1024px) 100vw, 1024px\" \/><\/figure>\n<\/div>\n\n\n\n<div class=\"wp-block-column is-vertically-aligned-center is-layout-flow wp-container-core-column-is-layout-119bc444 wp-block-column-is-layout-flow\" style=\"flex-basis:60%\">\n<h2 class=\"wp-block-heading has-xx-large-font-size\">We are MAJMAR Webradio<\/h2>\n\n\n\n<p>We are a platform created since 2018, to support Moroccan extreme local scene. We don&#8217;t really care much about the (likes, fame, and mainstream paradigms) as we belong to the pure artistic creative search-oriented process, working modestly on long term projects and keeping it simple and true. We manage as we can to express our anti-consumerist punk vision; in an attempt to create with our own resources our own identity, far from the existing systems or processes&nbsp;<a href=\"https:\/\/www.facebook.com\/hashtag\/diy?__eep__=6&amp;__tn__=*NK*F\"><strong>#DIY<\/strong><\/a>.<br><br>Believing in mutual support for local bands and underground projects, our primordial aim is to sustain and share passion for Rock &amp; Metal projects and celebrate the Moroccan local scene (old and new generation), with all sub-genres and most of all the passion and true love for Underground Music in general.<br><br>So if you think that you belong to this perspective, please join the experience and help build with us a place where the Underground local scene is celebrated.<br>For suggestions, contact us at : Info.majmar@gmail.com<br>Or inbox the page &#8221; Majmar WebRadio &#8220;<br>We are also active on instagram, so give us a follow and stay tuned for more. Majmar Webradio.<br><br><a href=\"https:\/\/www.facebook.com\/hashtag\/majmar?__eep__=6&amp;__tn__=*NK*F\"><strong>#Majmar<\/strong><\/a>&nbsp;<a href=\"https:\/\/www.facebook.com\/hashtag\/diy?__eep__=6&amp;__tn__=*NK*F\"><strong>#Metal #Metalheads #MoroccanMetal #diy<\/strong><\/a>&nbsp;<a href=\"https:\/\/www.facebook.com\/hashtag\/localscene?__eep__=6&amp;__tn__=*NK*F\"><strong>#localscene<\/strong><\/a>&nbsp;<a href=\"https:\/\/www.facebook.com\/hashtag\/extrememusic?__eep__=6&amp;__tn__=*NK*F\"><strong>#extrememusic<\/strong><\/a>&nbsp;<a href=\"https:\/\/www.facebook.com\/hashtag\/underground?__eep__=6&amp;__tn__=*NK*F\"><strong>#underground<\/strong><\/a>&nbsp;<\/p>\n\n\n\n<div class=\"wp-block-group is-vertical is-layout-flex wp-container-core-group-is-layout-474b2e3f wp-block-group-is-layout-flex\">\n<h3 class=\"wp-block-heading has-small-font-size\" style=\"font-style:normal;font-weight:600;letter-spacing:1px;text-transform:uppercase\">Abonnez-vous sur votre plateforme pr\u00e9f\u00e9r\u00e9e<\/h3>\n\n\n\n<div class=\"wp-block-group is-layout-flex wp-block-group-is-layout-flex\">\n<p class=\"is-style-text-annotation is-style-text-annotation--2\"><a href=\"https:\/\/www.youtube.com\/@majmarwebradio8698\">YouTube<\/a><\/p>\n\n\n\n<p class=\"is-style-text-annotation is-style-text-annotation--3\"><a href=\"#\">Apple Podcasts<\/a><\/p>\n\n\n\n<p class=\"is-style-text-annotation is-style-text-annotation--4\"><a href=\"#\">Spotify<\/a><\/p>\n\n\n\n<p class=\"is-style-text-annotation is-style-text-annotation--5\"><a href=\"#\">Pocket Casts<\/a><\/p>\n\n\n\n<p class=\"is-style-text-annotation is-style-text-annotation--6\"><a href=\"#\">RSS<\/a><\/p>\n<\/div>\n<\/div>\n<\/div>\n<\/div>\n<\/div>\n\n\n\n<div class=\"wp-block-group alignwide is-style-section-2 has-contrast-color has-text-color has-background has-link-color wp-elements-9a2c318e556a6b0b5c16b152cc9f7aad has-global-padding is-layout-constrained wp-block-group-is-layout-constrained is-style-section-2--7\" style=\"background-color:#a83b3b;margin-top:0;margin-bottom:0;padding-top:var(--wp--preset--spacing--50);padding-bottom:var(--wp--preset--spacing--50)\">\n<div class=\"wp-block-columns alignwide is-layout-flex wp-container-core-columns-is-layout-7ee84d44 wp-block-columns-is-layout-flex\">\n<div class=\"wp-block-column is-vertically-aligned-center is-layout-flow wp-block-column-is-layout-flow\" style=\"flex-basis:50%\">\n<h2 class=\"wp-block-heading\">\u00c0 propos de ce que nous faisons<\/h2>\n\n\n\n<p class=\"has-medium-font-size\">Organis\u00e9 sur un week-end, l\u2019\u00e9v\u00e9nement est structur\u00e9 autour d\u2019une s\u00e9rie d\u2019expositions, d\u2019ateliers et de tables rondes. Les expositions pr\u00e9sentent une s\u00e9lection de photographies mettant en sc\u00e8ne des histoires fascinantes de divers endroits du globe, chaque image \u00e9tant accompagn\u00e9e de r\u00e9cits d\u00e9taill\u00e9s fournissant un contexte et le d\u00e9tail de la signification historique des sc\u00e8nes repr\u00e9sent\u00e9es. Ces photographies sont tir\u00e9es des archives de photographes de renom, ainsi que de talents \u00e9mergents, assurant un m\u00e9lange de perspectives \u00e0 la fois classiques et contemporaines.<\/p>\n<\/div>\n\n\n\n<div class=\"wp-block-column is-vertically-aligned-center is-layout-flow wp-block-column-is-layout-flow\" style=\"flex-basis:50%\">\n<figure class=\"wp-block-image size-full\"><img loading=\"lazy\" decoding=\"async\" width=\"2560\" height=\"1707\" src=\"https:\/\/majmar.org\/wp-content\/uploads\/2025\/10\/DSC5609-scaled.jpg\" alt=\"\" class=\"wp-image-62\" style=\"aspect-ratio:1;object-fit:cover\" srcset=\"http:\/\/majmar.org\/wp-content\/uploads\/2025\/10\/DSC5609-scaled.jpg 2560w, http:\/\/majmar.org\/wp-content\/uploads\/2025\/10\/DSC5609-300x200.jpg 300w, http:\/\/majmar.org\/wp-content\/uploads\/2025\/10\/DSC5609-1024x683.jpg 1024w, http:\/\/majmar.org\/wp-content\/uploads\/2025\/10\/DSC5609-768x512.jpg 768w, http:\/\/majmar.org\/wp-content\/uploads\/2025\/10\/DSC5609-1536x1024.jpg 1536w, http:\/\/majmar.org\/wp-content\/uploads\/2025\/10\/DSC5609-2048x1365.jpg 2048w, http:\/\/majmar.org\/wp-content\/uploads\/2025\/10\/DSC5609-1200x800.jpg 1200w, http:\/\/majmar.org\/wp-content\/uploads\/2025\/10\/DSC5609-600x400.jpg 600w\" sizes=\"auto, (max-width: 2560px) 100vw, 2560px\" \/><\/figure>\n<\/div>\n<\/div>\n<\/div>\n\n\n\n<div class=\"wp-block-group alignwide is-style-section-5 has-global-padding is-content-justification-center is-layout-constrained wp-block-group-is-layout-constrained is-style-section-5--8\">\n<h2 class=\"wp-block-heading has-text-align-center\">Le podcast \u00ab&nbsp;Histoires&nbsp;\u00bb <\/h2>\n\n\n\n<div style=\"height:var(--wp--preset--spacing--30)\" aria-hidden=\"true\" class=\"wp-block-spacer\"><\/div>\n\n\n\n<div class=\"wp-block-group alignwide is-content-justification-center is-layout-flex wp-container-core-group-is-layout-2c471116 wp-block-group-is-layout-flex\">\n\n\n\n\n\n\n\n<\/div>\n<\/div>\n\n\n\n<div class=\"wp-block-group alignwide is-style-default has-global-padding is-layout-constrained wp-container-core-group-is-layout-ebee8dc1 wp-block-group-is-layout-constrained\" style=\"margin-top:0;margin-bottom:0;padding-top:var(--wp--preset--spacing--50);padding-bottom:var(--wp--preset--spacing--50)\">\n<div style=\"background-image:url(&apos;http:\/\/majmar.org\/wp-content\/uploads\/2025\/08\/cropped-485390497_9383210801767810_4662758841511283553_n-1-scaled-2.jpg&apos;);background-position:50% 50%;background-repeat:no-repeat;background-size:contain;\" class=\"wp-block-group alignwide is-layout-grid wp-container-core-group-is-layout-1ce758a5 wp-block-group-is-layout-grid has-background\">\n<figure class=\"wp-block-video\"><video height=\"360\" style=\"aspect-ratio: 640 \/ 360;\" width=\"640\" controls src=\"https:\/\/majmar.org\/wp-content\/uploads\/2025\/10\/RED-EYESs-INTERVIEW.mp4\"><\/video><\/figure>\n\n\n\n<figure class=\"wp-block-video\"><video height=\"360\" style=\"aspect-ratio: 640 \/ 360;\" width=\"640\" controls src=\"https:\/\/majmar.org\/wp-content\/uploads\/2025\/10\/CHIKNOs-INTERVIEW.mp4\"><\/video><\/figure>\n\n\n\n<figure class=\"wp-block-video\"><video height=\"360\" style=\"aspect-ratio: 640 \/ 360;\" width=\"640\" controls src=\"https:\/\/majmar.org\/wp-content\/uploads\/2025\/10\/Interviews-@LBoulvard-2018.mp4\" playsinline><\/video><\/figure>\n\n\n\n<figure class=\"wp-block-video\"><\/figure>\n\n\n\n<figure class=\"wp-block-video\"><\/figure>\n\n\n\n<figure class=\"wp-block-video\"><\/figure>\n<\/div>\n<\/div>\n\n\n\n<aside class=\"wp-block-group alignfull is-style-section-5 has-global-padding is-layout-constrained wp-container-core-group-is-layout-f0f2a97b wp-block-group-is-layout-constrained is-style-section-5--9\" style=\"margin-top:0;margin-bottom:0;padding-top:var(--wp--preset--spacing--50);padding-right:var(--wp--preset--spacing--50);padding-bottom:var(--wp--preset--spacing--50);padding-left:var(--wp--preset--spacing--50)\">\n<div class=\"wp-block-group is-vertical is-content-justification-center is-layout-flex wp-container-core-group-is-layout-8778ca4a wp-block-group-is-layout-flex\" style=\"min-height:360px;margin-top:0;margin-bottom:0\">\n<h2 class=\"wp-block-heading has-text-align-center has-xx-large-font-size\">Inscrivez-vous pour recevoir des histoires quotidiennes<\/h2>\n\n\n\n<p class=\"has-text-align-center is-style-text-subtitle is-style-text-subtitle--10\">Acc\u00e9dez \u00e0 une collection soigneusement s\u00e9lectionn\u00e9e de moments dans le temps, avec des photographies d\u2019int\u00e9ret historique.<\/p>\n\n\n\n<div style=\"height:0px\" aria-hidden=\"true\" class=\"wp-block-spacer wp-container-content-62aae154\"><\/div>\n\n\n\n<div class=\"wp-block-buttons is-content-justification-center is-layout-flex wp-container-core-buttons-is-layout-a89b3969 wp-block-buttons-is-layout-flex\">\n<div class=\"wp-block-button\"><a class=\"wp-block-button__link has-text-align-center wp-element-button\">S\u2019abonner<\/a><\/div>\n<\/div>\n<\/div>\n<\/aside>\n","protected":false},"excerpt":{"rendered":"<p>We are MAJMAR Webradio We are a platform created since 2018, to support Moroccan extreme local scene. We don&#8217;t really care much about the (likes, fame, and mainstream paradigms) as we belong to the pure artistic creative search-oriented process, working modestly on long term projects and keeping it simple and true. We manage as we [&hellip;]<\/p>\n","protected":false},"author":1,"featured_media":58,"parent":0,"menu_order":0,"comment_status":"closed","ping_status":"closed","template":"","meta":{"_regular_price":[],"currency_symbol":[],"footnotes":""},"class_list":["post-27","page","type-page","status-publish","has-post-thumbnail","hentry"],"post_slider_layout_featured_media_urls":{"thumbnail":["http:\/\/majmar.org\/wp-content\/uploads\/2025\/10\/facebook-cover-1-150x150.jpg",150,150,true],"post_slider_layout_landscape_large":["http:\/\/majmar.org\/wp-content\/uploads\/2025\/10\/facebook-cover-1-1200x666.jpg",1200,666,true],"post_slider_layout_portrait_large":["http:\/\/majmar.org\/wp-content\/uploads\/2025\/10\/facebook-cover-1-1200x666.jpg",1200,666,true],"post_slider_layout_square_large":["http:\/\/majmar.org\/wp-content\/uploads\/2025\/10\/facebook-cover-1-1200x666.jpg",1200,666,true],"post_slider_layout_landscape":["http:\/\/majmar.org\/wp-content\/uploads\/2025\/10\/facebook-cover-1-600x400.jpg",600,400,true],"post_slider_layout_portrait":["http:\/\/majmar.org\/wp-content\/uploads\/2025\/10\/facebook-cover-1-600x666.jpg",600,666,true],"post_slider_layout_square":["http:\/\/majmar.org\/wp-content\/uploads\/2025\/10\/facebook-cover-1-600x600.jpg",600,600,true],"full":["http:\/\/majmar.org\/wp-content\/uploads\/2025\/10\/facebook-cover-1.jpg",1800,666,false]},"_links":{"self":[{"href":"http:\/\/majmar.org\/index.php\/wp-json\/wp\/v2\/pages\/27","targetHints":{"allow":["GET"]}}],"collection":[{"href":"http:\/\/majmar.org\/index.php\/wp-json\/wp\/v2\/pages"}],"about":[{"href":"http:\/\/majmar.org\/index.php\/wp-json\/wp\/v2\/types\/page"}],"author":[{"embeddable":true,"href":"http:\/\/majmar.org\/index.php\/wp-json\/wp\/v2\/users\/1"}],"replies":[{"embeddable":true,"href":"http:\/\/majmar.org\/index.php\/wp-json\/wp\/v2\/comments?post=27"}],"version-history":[{"count":6,"href":"http:\/\/majmar.org\/index.php\/wp-json\/wp\/v2\/pages\/27\/revisions"}],"predecessor-version":[{"id":85,"href":"http:\/\/majmar.org\/index.php\/wp-json\/wp\/v2\/pages\/27\/revisions\/85"}],"wp:featuredmedia":[{"embeddable":true,"href":"http:\/\/majmar.org\/index.php\/wp-json\/wp\/v2\/media\/58"}],"wp:attachment":[{"href":"http:\/\/majmar.org\/index.php\/wp-json\/wp\/v2\/media?parent=27"}],"curies":[{"name":"wp","href":"https:\/\/api.w.org\/{rel}","templated":true}]}}